{"id":2005,"date":"2019-09-06T18:17:25","date_gmt":"2019-09-06T12:17:25","guid":{"rendered":"https:\/\/dev.quantumcloud.com\/express-shop-pro\/?post_type=product&#038;p=2005"},"modified":"2019-09-06T19:29:08","modified_gmt":"2019-09-06T13:29:08","slug":"dance-for-peace","status":"publish","type":"product","link":"https:\/\/dev.quantumcloud.com\/express-shop-pro\/product\/dance-for-peace\/","title":{"rendered":"Dance for Peace"},"content":{"rendered":"<p>SUFI SELECTIONS of OMAR FARUK TEKBILEK<\/p>\n<p>\u201cDANCE FOR PEACE\u201d<\/p>\n<p>O.Faruk Tekbilek\u2019in yeni se\u00e7ki alb\u00fcm\u00fc \u201cDANCE FOR PEACE\u201d (BARIS I\u00c7IN RAKS) \u00c7ikti !<\/p>\n<p>Sanat yasamini 40 yila yakin s\u00fcredir Amerika\u2019da s\u00fcrd\u00fcren \u00d6mer Faruk Tekbilek\u2019in 74 dakika uzunlugunda ve toplam 13 sarkidan olusan \u201cDance for peace\u201d alb\u00fcm\u00fcnde, \u00fclkemizde yayimlanmayan; \u201cSuleyman the magnificent\u201d, \u201cWhirling\u201d, \u201cBeyond the sky\u201d, \u201cFire dance\u201d ve \u201cCrescent moon\u201d alb\u00fcmlerinden \u00f6zenle se\u00e7ilen Sufi eserlere yer verildi.<\/p>\n<p>O.F.Tekbilek\u2019in alb\u00fcmde yer alan degerli m\u00fczisyen dostlari; Brian Keane, Hasan Isakkut, Arto Tun\u00e7boyaciyan, Ara Dinkjian, Din\u00e7er Dalkili\u00e7, Emin G\u00fcnd\u00fcz ve Steve Roach.<\/p>\n<p>Ekim 2011 de ZET M\u00fczik etiketi ile m\u00fczik marketlerde yerini alan alb\u00fcm\u00fcn kapak tasarimi \u00d6. Serta\u00e7 Piskin\u2019e ait; digital re-mastering Mert Medeni; Medya Sponsoru Radyo Voyage 107,4\u2026<\/p>\n<p>Geleneksel Anadolu m\u00fczigimizi bati elementleriyle harmanlayip kendine \u00f6zg\u00fc sound\u2019unu yaratan sanat\u00e7inin bu alb\u00fcm\u00fcyle d\u00fcnyevi hallerden bir s\u00fcreligine de olsa uzaklasip meditasyon yapabilir, g\u00f6zlerinizi kapayip i\u00e7sel bir yolculuga \u00e7ikabilirsiniz<\/p>\n","protected":false},"excerpt":{"rendered":"<p>SUFI SELECTIONS of OMAR FARUK TEKBILEK \u201cDANCE FOR PEACE\u201d O.Faruk Tekbilek\u2019in yeni se\u00e7ki alb\u00fcm\u00fc \u201cDANCE FOR PEACE\u201d (BARIS I\u00c7IN RAKS) \u00c7ikti ! Sanat yasamini 40 yila yakin s\u00fcredir Amerika\u2019da s\u00fcrd\u00fcren \u00d6mer Faruk Tekbilek\u2019in 74 dakika uzunlugunda ve toplam 13 sarkidan olusan \u201cDance for peace\u201d alb\u00fcm\u00fcnde, \u00fclkemizde yayimlanmayan; \u201cSuleyman the magnificent\u201d, \u201cWhirling\u201d, \u201cBeyond the sky\u201d, \u201cFire [&hellip;]<\/p>\n","protected":false},"featured_media":2014,"comment_status":"open","ping_status":"closed","template":"","meta":{"_et_pb_use_builder":"","_et_pb_old_content":"","_et_gb_content_width":""},"product_brand":[],"product_cat":[120],"product_tag":[],"class_list":{"0":"post-2005","1":"product","2":"type-product","3":"status-publish","4":"has-post-thumbnail","6":"product_cat-single-track","8":"first","9":"instock","10":"downloadable","11":"shipping-taxable","12":"purchasable","13":"product-type-simple"},"_links":{"self":[{"href":"https:\/\/dev.quantumcloud.com\/express-shop-pro\/wp-json\/wp\/v2\/product\/2005","targetHints":{"allow":["GET"]}}],"collection":[{"href":"https:\/\/dev.quantumcloud.com\/express-shop-pro\/wp-json\/wp\/v2\/product"}],"about":[{"href":"https:\/\/dev.quantumcloud.com\/express-shop-pro\/wp-json\/wp\/v2\/types\/product"}],"replies":[{"embeddable":true,"href":"https:\/\/dev.quantumcloud.com\/express-shop-pro\/wp-json\/wp\/v2\/comments?post=2005"}],"wp:featuredmedia":[{"embeddable":true,"href":"https:\/\/dev.quantumcloud.com\/express-shop-pro\/wp-json\/wp\/v2\/media\/2014"}],"wp:attachment":[{"href":"https:\/\/dev.quantumcloud.com\/express-shop-pro\/wp-json\/wp\/v2\/media?parent=2005"}],"wp:term":[{"taxonomy":"product_brand","embeddable":true,"href":"https:\/\/dev.quantumcloud.com\/express-shop-pro\/wp-json\/wp\/v2\/product_brand?post=2005"},{"taxonomy":"product_cat","embeddable":true,"href":"https:\/\/dev.quantumcloud.com\/express-shop-pro\/wp-json\/wp\/v2\/product_cat?post=2005"},{"taxonomy":"product_tag","embeddable":true,"href":"https:\/\/dev.quantumcloud.com\/express-shop-pro\/wp-json\/wp\/v2\/product_tag?post=2005"}],"curies":[{"name":"wp","href":"https:\/\/api.w.org\/{rel}","templated":true}]}}